{"id":1395,"date":"2025-05-09T16:14:53","date_gmt":"2025-05-09T16:14:53","guid":{"rendered":"https:\/\/educacaobioenergetica.com.br\/nb\/?page_id=1395"},"modified":"2025-05-31T22:15:50","modified_gmt":"2025-05-31T22:15:50","slug":"o-corpo-bioenergetico-treinamento-yin-yang","status":"publish","type":"page","link":"https:\/\/educacaobioenergetica.com.br\/nb\/","title":{"rendered":"Bioenerg\u00e9tica yin yang com SEO"},"content":{"rendered":"\t\t<div data-elementor-type=\"wp-page\" data-elementor-id=\"1395\" class=\"elementor elementor-1395\">\n\t\t\t\t<div class=\"has_eae_slider elementor-element elementor-element-dd0a6c3 e-flex e-con-boxed e-con e-parent\" data-eae-slider=\"74437\" data-id=\"dd0a6c3\" data-element_type=\"container\" data-e-type=\"container\">\n\t\t\t\t\t<div class=\"e-con-inner\">\n\t\t\t\t<div class=\"elementor-element elementor-element-ea92dca elementor-widget elementor-widget-html\" data-id=\"ea92dca\" data-element_type=\"widget\" data-e-type=\"widget\" data-widget_type=\"html.default\">\n\t\t\t\t<div class=\"elementor-widget-container\">\n\t\t\t\t\t<div id=\"vid_67deb9dbbbdcf5aa029dd8c0\" style=\"position: relative; width: 100%; padding: 177.77777777777777% 0 0;\"> <img decoding=\"async\" id=\"thumb_67deb9dbbbdcf5aa029dd8c0\" src=\"https:\/\/images.converteai.net\/49d55505-4f49-4ed0-a454-dd9dcb1683e8\/players\/67deb9dbbbdcf5aa029dd8c0\/thumbnail.jpg\" style=\"position: absolute; top: 0; left: 0; width: 100%; height: 100%; object-fit: cover; display: block;\" alt=\"thumbnail\"> <div id=\"backdrop_67deb9dbbbdcf5aa029dd8c0\" style=\" -webkit-backdrop-filter: blur(5px); backdrop-filter: blur(5px); position: absolute; top: 0; height: 100%; width: 100%; \"><\/div> <\/div> <script type=\"text\/javascript\" id=\"scr_67deb9dbbbdcf5aa029dd8c0\"> var s=document.createElement(\"script\"); s.src=\"https:\/\/scripts.converteai.net\/49d55505-4f49-4ed0-a454-dd9dcb1683e8\/players\/67deb9dbbbdcf5aa029dd8c0\/player.js\", s.async=!0,document.head.appendChild(s); <\/script>\t\t\t\t<\/div>\n\t\t\t\t<\/div>\n\t\t\t\t\t<\/div>\n\t\t\t\t<\/div>\n\t\t<div class=\"has_eae_slider elementor-element elementor-element-4de30a7 e-con-full e-flex e-con e-parent\" data-eae-slider=\"25579\" data-id=\"4de30a7\" data-element_type=\"container\" data-e-type=\"container\">\n\t\t\t\t<div class=\"elementor-element elementor-element-0dbec64 elementor-mobile-align-center esconder elementor-widget elementor-widget-button\" data-id=\"0dbec64\" data-element_type=\"widget\" data-e-type=\"widget\" data-widget_type=\"button.default\">\n\t\t\t\t<div class=\"elementor-widget-container\">\n\t\t\t\t\t\t\t\t\t<div class=\"elementor-button-wrapper\">\n\t\t\t\t\t<a class=\"elementor-button elementor-button-link elementor-size-sm\" href=\"https:\/\/pay.kirvano.com\/ce3211c1-a1e4-43ed-a1e9-db15fcad6a8d\">\n\t\t\t\t\t\t<span class=\"elementor-button-content-wrapper\">\n\t\t\t\t\t\t\t\t\t<span class=\"elementor-button-text\">QUERO ME RECONECTAR<\/span>\n\t\t\t\t\t<\/span>\n\t\t\t\t\t<\/a>\n\t\t\t\t<\/div>\n\t\t\t\t\t\t\t\t<\/div>\n\t\t\t\t<\/div>\n\t\t\t\t<div class=\"elementor-element elementor-element-646f5c6 elementor-widget elementor-widget-html\" data-id=\"646f5c6\" data-element_type=\"widget\" data-e-type=\"widget\" data-widget_type=\"html.default\">\n\t\t\t\t<div class=\"elementor-widget-container\">\n\t\t\t\t\t<style>\r\n\r\n.esconder {display:none}\r\n\r\n<\/style>\r\n\r\n\r\n<script type=\"text\/javascript\">\r\n\r\nwindow.onload = function () {\r\n\r\n\/* ALTERE O VALOR 10 PARA OS SEGUNDOS EM QUE AS SE\u00c7\u00d5ES V\u00c3O APARECER *\/\r\n\r\nvar SECONDS_TO_DISPLAY = 1065;\r\n\r\nvar CLASS_TO_DISPLAY = \".esconder\";\r\n\r\n\r\n\/* DAQUI PARA BAIXO NAO PRECISA ALTERAR *\/\r\n\r\nvar attempts = 0;\r\n\r\nvar elsHiddenList = [];\r\n\r\nvar elsDisplayed = false;\r\n\r\nvar elsHidden = document.querySelectorAll(CLASS_TO_DISPLAY);\r\n\r\nvar alreadyElsDisplayed = localStorage.getItem('alreadyElsDisplayed');\r\n\r\n\r\nsetTimeout(function () { elsHiddenList = Array.prototype.slice.call(elsHidden); }, 0);\r\n\r\n\r\nvar showEls = function () {\r\n\r\n  elsDisplayed = true;\r\n\r\n  elsHiddenList.forEach((e) => e.style.display = \"block\");\r\n\r\n  localStorage.setItem('alreadyElsDisplayed', true)\r\n\r\n}\r\n\r\n\r\nvar startWatchVideoProgress = function () {\r\n\r\n  if (typeof smartplayer === 'undefined' && !(smartplayer.instances && smartplayer.instances.length)) {\r\n\r\n    attempts += 1;\r\n\r\n    if (attempts >= 10) return;\r\n\r\n    return setTimeout(function () { startWatchVideoProgress() }, 1000);\r\n\r\n  }\r\n\r\n\r\n  smartplayer.instances[0].on('timeupdate', () => {\r\n\r\n    if (elsDisplayed || smartplayer.instances[0].video.currentTime < SECONDS_TO_DISPLAY) return;\r\n\r\n    showEls();\r\n\r\n\r\nfbq('track', 'Pagina_Revelada');\r\n\r\n\r\n  })\r\n\r\n}\r\n\r\n\r\nif (alreadyElsDisplayed === 'true') {\r\n\r\n  setTimeout(function () { showEls(); }, 100);\r\n\r\n} else {\r\n\r\n  startWatchVideoProgress()\r\n\r\n}\r\n\r\n}\r\n\r\n<\/script>\r\n\r\n\t\t\t\t<\/div>\n\t\t\t\t<\/div>\n\t\t\t\t<div class=\"elementor-element elementor-element-99c4ea2 elementor-widget elementor-widget-image\" data-id=\"99c4ea2\" data-element_type=\"widget\" data-e-type=\"widget\" data-widget_type=\"image.default\">\n\t\t\t\t<div class=\"elementor-widget-container\">\n\t\t\t\t\t\t\t\t\t\t\t\t\t\t\t<img decoding=\"async\" width=\"150\" height=\"150\" src=\"https:\/\/educacaobioenergetica.com.br\/nb\/wp-content\/uploads\/2025\/03\/dr-jorge-1-150x150.jpg\" class=\"attachment-thumbnail size-thumbnail wp-image-1229\" alt=\"\" \/>\t\t\t\t\t\t\t\t\t\t\t\t\t\t\t<\/div>\n\t\t\t\t<\/div>\n\t\t\t\t<div class=\"elementor-element elementor-element-8870cfe elementor-widget elementor-widget-heading\" data-id=\"8870cfe\" data-element_type=\"widget\" data-e-type=\"widget\" data-widget_type=\"heading.default\">\n\t\t\t\t<div class=\"elementor-widget-container\">\n\t\t\t\t\t<h2 class=\"elementor-heading-title elementor-size-default\">Ant\u00f4nio Jorge<\/h2>\t\t\t\t<\/div>\n\t\t\t\t<\/div>\n\t\t\t\t<div class=\"elementor-element elementor-element-f2af41f elementor-widget elementor-widget-heading\" data-id=\"f2af41f\" data-element_type=\"widget\" data-e-type=\"widget\" data-widget_type=\"heading.default\">\n\t\t\t\t<div class=\"elementor-widget-container\">\n\t\t\t\t\t<h2 class=\"elementor-heading-title elementor-size-default\">Educador Bioenerg\u00e9tico<\/h2>\t\t\t\t<\/div>\n\t\t\t\t<\/div>\n\t\t<div class=\"has_eae_slider elementor-element elementor-element-b616557 e-flex e-con-boxed e-con e-child\" data-eae-slider=\"12437\" data-id=\"b616557\" data-element_type=\"container\" data-e-type=\"container\">\n\t\t\t\t\t<div class=\"e-con-inner\">\n\t\t\t\t\t<\/div>\n\t\t\t\t<\/div>\n\t\t\t\t<\/div>\n\t\t<div class=\"has_eae_slider elementor-element elementor-element-5c6ba20 e-flex e-con-boxed e-con e-parent\" data-eae-slider=\"70228\" data-id=\"5c6ba20\" data-element_type=\"container\" data-e-type=\"container\">\n\t\t\t\t\t<div class=\"e-con-inner\">\n\t\t\t\t<div class=\"elementor-element elementor-element-61dd23d elementor-widget elementor-widget-html\" data-id=\"61dd23d\" data-element_type=\"widget\" data-e-type=\"widget\" data-widget_type=\"html.default\">\n\t\t\t\t<div class=\"elementor-widget-container\">\n\t\t\t\t\t<!-- Meta Pixel Code -->\r\n<script>\r\n!function(f,b,e,v,n,t,s)\r\n{if(f.fbq)return;n=f.fbq=function(){n.callMethod?\r\nn.callMethod.apply(n,arguments):n.queue.push(arguments)};\r\nif(!f._fbq)f._fbq=n;n.push=n;n.loaded=!0;n.version='2.0';\r\nn.queue=[];t=b.createElement(e);t.async=!0;\r\nt.src=v;s=b.getElementsByTagName(e)[0];\r\ns.parentNode.insertBefore(t,s)}(window, document,'script',\r\n'https:\/\/connect.facebook.net\/en_US\/fbevents.js');\r\nfbq('init', '1324591022196684');\r\nfbq('track', 'PageView');\r\n<\/script>\r\n<noscript><img height=\"1\" width=\"1\" style=\"display:none\"\r\nsrc=\"https:\/\/www.facebook.com\/tr?id=1324591022196684&ev=PageView&noscript=1\"\r\n\/><\/noscript>\r\n<!-- End Meta Pixel Code -->\t\t\t\t<\/div>\n\t\t\t\t<\/div>\n\t\t\t\t\t<\/div>\n\t\t\t\t<\/div>\n\t\t<div class=\"has_eae_slider elementor-element elementor-element-8f876dd e-flex e-con-boxed e-con e-parent\" data-eae-slider=\"27083\" data-id=\"8f876dd\" data-element_type=\"container\" data-e-type=\"container\">\n\t\t\t\t\t<div class=\"e-con-inner\">\n\t\t\t\t<div class=\"elementor-element elementor-element-32fe13e elementor-widget elementor-widget-video\" data-id=\"32fe13e\" data-element_type=\"widget\" data-e-type=\"widget\" data-settings=\"{&quot;youtube_url&quot;:&quot;https:\\\/\\\/www.youtube.com\\\/watch?v=XHOmBV4js_E&quot;,&quot;video_type&quot;:&quot;youtube&quot;,&quot;controls&quot;:&quot;yes&quot;}\" data-widget_type=\"video.default\">\n\t\t\t\t<div class=\"elementor-widget-container\">\n\t\t\t\t\t\t\t<div class=\"elementor-wrapper elementor-open-inline\">\n\t\t\t<div class=\"elementor-video\"><\/div>\t\t<\/div>\n\t\t\t\t\t\t<\/div>\n\t\t\t\t<\/div>\n\t\t\t\t\t<\/div>\n\t\t\t\t<\/div>\n\t\t<div class=\"has_eae_slider elementor-element elementor-element-facdf3d e-flex e-con-boxed e-con e-parent\" data-eae-slider=\"96543\" data-id=\"facdf3d\" data-element_type=\"container\" data-e-type=\"container\">\n\t\t\t\t\t<div class=\"e-con-inner\">\n\t\t\t\t<div class=\"elementor-element elementor-element-2d2b3ae elementor-widget elementor-widget-text-editor\" data-id=\"2d2b3ae\" data-element_type=\"widget\" data-e-type=\"widget\" data-widget_type=\"text-editor.default\">\n\t\t\t\t<div class=\"elementor-widget-container\">\n\t\t\t\t\t\t\t\t\t<p>Lorem ipsum dolor sit amet, consectetur adipiscing elit. Ut elit tellus, luctus nec ullamcorper mattis, pulvinar dapibus leo.<\/p>\t\t\t\t\t\t\t\t<\/div>\n\t\t\t\t<\/div>\n\t\t\t\t\t<\/div>\n\t\t\t\t<\/div>\n\t\t\t\t<\/div>\n\t\t","protected":false},"excerpt":{"rendered":"<p>QUERO ME RECONECTAR Ant\u00f4nio Jorge Educador Bioenerg\u00e9tico https:\/\/www.youtube.com\/watch?v=XHOmBV4js_E Lorem ipsum dolor sit amet, consectetur adipiscing elit. Ut elit tellus, luctus nec ullamcorper mattis, pulvinar dapibus leo.<\/p>\n","protected":false},"author":1,"featured_media":0,"parent":0,"menu_order":0,"comment_status":"closed","ping_status":"closed","template":"","meta":{"nf_dc_page":"","om_disable_all_campaigns":false,"_monsterinsights_skip_tracking":false,"_monsterinsights_sitenote_active":false,"_monsterinsights_sitenote_note":"","_monsterinsights_sitenote_category":0,"footnotes":""},"class_list":["post-1395","page","type-page","status-publish","hentry"],"_links":{"self":[{"href":"https:\/\/educacaobioenergetica.com.br\/nb\/wp-json\/wp\/v2\/pages\/1395","targetHints":{"allow":["GET"]}}],"collection":[{"href":"https:\/\/educacaobioenergetica.com.br\/nb\/wp-json\/wp\/v2\/pages"}],"about":[{"href":"https:\/\/educacaobioenergetica.com.br\/nb\/wp-json\/wp\/v2\/types\/page"}],"author":[{"embeddable":true,"href":"https:\/\/educacaobioenergetica.com.br\/nb\/wp-json\/wp\/v2\/users\/1"}],"replies":[{"embeddable":true,"href":"https:\/\/educacaobioenergetica.com.br\/nb\/wp-json\/wp\/v2\/comments?post=1395"}],"version-history":[{"count":5,"href":"https:\/\/educacaobioenergetica.com.br\/nb\/wp-json\/wp\/v2\/pages\/1395\/revisions"}],"predecessor-version":[{"id":1463,"href":"https:\/\/educacaobioenergetica.com.br\/nb\/wp-json\/wp\/v2\/pages\/1395\/revisions\/1463"}],"wp:attachment":[{"href":"https:\/\/educacaobioenergetica.com.br\/nb\/wp-json\/wp\/v2\/media?parent=1395"}],"curies":[{"name":"wp","href":"https:\/\/api.w.org\/{rel}","templated":true}]}}